{"id":4398,"date":"2024-12-18T14:42:12","date_gmt":"2024-12-18T13:42:12","guid":{"rendered":"https:\/\/pkfbofidi.com\/disclaimer\/"},"modified":"2025-02-16T12:54:48","modified_gmt":"2025-02-16T11:54:48","slug":"clause-de-non-responsabilite","status":"publish","type":"page","link":"https:\/\/pkfbofidi.com\/fr\/clause-de-non-responsabilite\/","title":{"rendered":"Clause de non-responsabilit\u00e9"},"content":{"rendered":"<p>Ce site web et son contenu sont la propri\u00e9t\u00e9 de PKF BOFIDI Services NV et de ses soci\u00e9t\u00e9s affili\u00e9es en Belgique (ci-apr\u00e8s d\u00e9nomm\u00e9es \u00ab <strong>PKF BOFIDI<\/strong> \u00bb).<\/p>\n<p>En utilisant le site web de PKF BOFIDI (ci-apr\u00e8s \u00ab site Web \u00bb), vous \u00eates r\u00e9put\u00e9 avoir pris connaissance des pr\u00e9sentes conditions g\u00e9n\u00e9rales et les accepter sans r\u00e9serve. Si vous n&rsquo;acceptez pas l&rsquo;une des conditions g\u00e9n\u00e9rales, veuillez ne pas utiliser ce site Web, les informations qu&rsquo;il contient ou les services qu&rsquo;il propose. PKF BOFIDI se r\u00e9serve le droit de modifier ces conditions sur le site Web \u00e0 tout moment et sans pr\u00e9avis.<\/p>\n<h2>1. Objet et utilisation du site Web<\/h2>\n<p>1.1. Les informations figurant sur le site Web ont pour seul but d&rsquo;informer l&rsquo;utilisateur sur les services de PKF BOFIDI. Les informations fournies ne constituent une offre que si elles sont express\u00e9ment stipul\u00e9es ou d\u00e9clar\u00e9es.<\/p>\n<p>1.2. Toutes les informations figurant sur le site Web sont de nature g\u00e9n\u00e9rale et informative, sauf indication contraire expresse. Les informations ne sont pas adapt\u00e9es \u00e0 des circonstances personnelles ou sp\u00e9cifiques et ne doivent en aucun cas \u00eatre consid\u00e9r\u00e9es comme des conseils professionnels ou juridiques.<\/p>\n<p>1.3. L&rsquo;utilisation des informations figurant sur le site Web se fait aux risques et p\u00e9rils de l&rsquo;utilisateur et sous sa propre responsabilit\u00e9. PKF BOFIDI d\u00e9cline toute responsabilit\u00e9 pour toute perte ou tout dommage pouvant r\u00e9sulter des informations et des services offerts par l&rsquo;interm\u00e9diaire du site Web, y compris toute information ou tout service disponible par hyperlien.<\/p>\n<p>1.4. PKF BOFIDI ne donne aucune garantie quant \u00e0 l&rsquo;actualit\u00e9, l&rsquo;exactitude, l&rsquo;exhaustivit\u00e9 ou l&rsquo;ad\u00e9quation \u00e0 un but particulier des informations, donn\u00e9es, publications sur le site Web ou sur les sites auxquels elles r\u00e9f\u00e8rent.<\/p>\n<p>1.5. Le site Web est mis \u00e0 jour au mieux de nos capacit\u00e9s et \u00e0 des intervalles r\u00e9guliers. PKF BOFIDI s&rsquo;efforce de garantir la disponibilit\u00e9 ininterrompue du site Web et de maintenir un niveau de s\u00e9curit\u00e9 professionnellement acceptable. Cela ne peut cependant pas \u00eatre garanti. Toutefois, l&rsquo;acc\u00e8s au site Web et aux services peut \u00eatre suspendu, restreint ou entrav\u00e9 de temps \u00e0 autre pour permettre des r\u00e9parations, la maintenance ou l&rsquo;introduction de nouveaux services.<\/p>\n<p>1.6. Les utilisateurs ne sont pas autoris\u00e9s \u00e0 effectuer sur le site Web de PKF BOFIDI des activit\u00e9s susceptibles de compromettre la s\u00e9curit\u00e9, telles que le t\u00e9l\u00e9chargement de fichiers contenant des virus ou des logiciels malveillants susceptibles d&rsquo;endommager le fonctionnement d&rsquo;un appareil mobile ou de tout autre syst\u00e8me d&rsquo;un autre utilisateur.<\/p>\n<h2>2. Droits de propri\u00e9t\u00e9 intellectuelle<\/h2>\n<p>2.1. Le site Web et son contenu sont prot\u00e9g\u00e9s par des droits de propri\u00e9t\u00e9 intellectuelle. Les droits de propri\u00e9t\u00e9 appartiennent \u00e0 PKF BOFIDI, y compris les droits d&rsquo;auteur et les informations disponibles sur le site Web. L&rsquo;acc\u00e8s au site Web ne conf\u00e8re aux utilisateurs aucun droit de propri\u00e9t\u00e9 sur les informations mises \u00e0 leur disposition sur le site Web. Tous les droits qui ne sont pas express\u00e9ment accord\u00e9s, sont r\u00e9serv\u00e9s \u00e0 PKF BOFIDI.<\/p>\n<p>2.2. Il est permis d&rsquo;acc\u00e9der au contenu du site Web pour un usage personnel et non commercial, \u00e0 condition que l&rsquo;auteur soit indiqu\u00e9 ou que le site Web soit cit\u00e9 comme source. Si du mat\u00e9riel est mis \u00e0 disposition sous forme de t\u00e9l\u00e9chargement ou par courrier \u00e9lectronique, l&rsquo;utilisateur a le droit de t\u00e9l\u00e9charger et de copier gratuitement ce mat\u00e9riel pour son usage personnel, ainsi que le droit de mettre gratuitement ce mat\u00e9riel \u00e0 la disposition de tiers, \u00e0 condition que ce mat\u00e9riel ne soit pas modifi\u00e9. Dans tous les autres cas (notamment des fins commerciales), il n&rsquo;est pas permis d&rsquo;utiliser le site Web ou son contenu sans l&rsquo;accord \u00e9crit pr\u00e9alable de PKF BOFIDI.<\/p>\n<p>2.3. L&rsquo;utilisateur n&rsquo;est en aucun cas autoris\u00e9 \u00e0 utiliser les marques et logos de PKF BOFIDI pour sugg\u00e9rer une affiliation, une approbation ou un lien officiel avec PKF BOFIDI sans le consentement \u00e9crit pr\u00e9alable de PKF BOFIDI.<\/p>\n<h2>3. Hyperliens<\/h2>\n<p>Ce site Web peut contenir des hyperliens vers des sites web, des outils ou des sources d&rsquo;informations de tiers qui ne sont pas g\u00e9r\u00e9s ou contr\u00f4l\u00e9s par PKF BOFIDI. Ces hyperliens sont fournis uniquement \u00e0 titre d\u2019information pour les utilisateurs. PKF BOFIDI d\u00e9cline toute responsabilit\u00e9 ou obligation quant \u00e0 l&rsquo;exactitude, l&rsquo;ad\u00e9quation, l&rsquo;exhaustivit\u00e9 ou l\u2019exactitude des informations figurant sur les sites web de tiers.<\/p>\n<h2>4. Donn\u00e9es personnelles<\/h2>\n<p>L&rsquo;utilisateur peut fournir des donn\u00e9es personnelles lorsqu&rsquo;il consulte le site Web. Les donn\u00e9es personnelles des utilisateurs sont trait\u00e9es conform\u00e9ment \u00e0 la r\u00e9glementation applicable en mati\u00e8re de traitement des donn\u00e9es. De plus amples informations sur le traitement des donn\u00e9es personnelles sont disponibles dans la <a href=\"https:\/\/pkfbofidi.com\/fr\/politique-de-confidentialite\/\">d\u00e9claration de confidentialit\u00e9<\/a>.<\/p>\n<h2>5. Litiges<\/h2>\n<p>Tout litige r\u00e9sultant de l&rsquo;utilisation de ce site Web ou de toute information disponible sur le site Web est r\u00e9gi par le droit belge et rel\u00e8ve de la comp\u00e9tence exclusive des cours et tribunaux de l&rsquo;arrondissement judiciaire de Gand, division Gand.<\/p>\n","protected":false},"excerpt":{"rendered":"<p>Ce site web et son contenu sont la propri\u00e9t\u00e9 de PKF BOFIDI Services NV et de ses soci\u00e9t\u00e9s affili\u00e9es en [&hellip;]<\/p>\n","protected":false},"author":1,"featured_media":0,"parent":0,"menu_order":0,"comment_status":"closed","ping_status":"closed","template":"temp-default-page.php","meta":{"_acf_changed":false,"site-sidebar-layout":"default","site-content-layout":"","ast-site-content-layout":"default","site-content-style":"default","site-sidebar-style":"default","ast-global-header-display":"","ast-banner-title-visibility":"","ast-main-header-display":"","ast-hfb-above-header-display":"","ast-hfb-below-header-display":"","ast-hfb-mobile-header-display":"","site-post-title":"","ast-breadcrumbs-content":"","ast-featured-img":"","footer-sml-layout":"","ast-disable-related-posts":"","theme-transparent-header-meta":"default","adv-header-id-meta":"","stick-header-meta":"","header-above-stick-meta":"","header-main-stick-meta":"","header-below-stick-meta":"","astra-migrate-meta-layouts":"set","ast-page-background-enabled":"default","ast-page-background-meta":{"desktop":{"background-color":"var(--ast-global-color-4)","background-image":"","background-repeat":"repeat","background-position":"center center","background-size":"auto","background-attachment":"scroll","background-type":"","background-media":"","overlay-type":"","overlay-color":"","overlay-opacity":"","overlay-gradient":""},"tablet":{"background-color":"","background-image":"","background-repeat":"repeat","background-position":"center center","background-size":"auto","background-attachment":"scroll","background-type":"","background-media":"","overlay-type":"","overlay-color":"","overlay-opacity":"","overlay-gradient":""},"mobile":{"background-color":"","background-image":"","background-repeat":"repeat","background-position":"center center","background-size":"auto","background-attachment":"scroll","background-type":"","background-media":"","overlay-type":"","overlay-color":"","overlay-opacity":"","overlay-gradient":""}},"ast-content-background-meta":{"desktop":{"background-color":"var(--ast-global-color-5)","background-image":"","background-repeat":"repeat","background-position":"center center","background-size":"auto","background-attachment":"scroll","background-type":"","background-media":"","overlay-type":"","overlay-color":"","overlay-opacity":"","overlay-gradient":""},"tablet":{"background-color":"var(--ast-global-color-5)","background-image":"","background-repeat":"repeat","background-position":"center center","background-size":"auto","background-attachment":"scroll","background-type":"","background-media":"","overlay-type":"","overlay-color":"","overlay-opacity":"","overlay-gradient":""},"mobile":{"background-color":"var(--ast-global-color-5)","background-image":"","background-repeat":"repeat","background-position":"center center","background-size":"auto","background-attachment":"scroll","background-type":"","background-media":"","overlay-type":"","overlay-color":"","overlay-opacity":"","overlay-gradient":""}},"footnotes":""},"class_list":["post-4398","page","type-page","status-publish","hentry"],"acf":[],"yoast_head":"<!-- This site is optimized with the Yoast SEO Premium plugin v24.4 (Yoast SEO v24.4) - https:\/\/yoast.com\/wordpress\/plugins\/seo\/ -->\n<title>Clause de non-responsabilit\u00e9 | PKF BOFIDI<\/title>\n<meta name=\"description\" content=\"Versterk jouw onderneming met d\u00e9 adviseur voor de ambitieuze ondernemer. Deskundige ondersteuning van audit tot tax &amp; accountancy.\" \/>\n<meta name=\"robots\" content=\"noindex, follow\" \/>\n<meta property=\"og:locale\" content=\"fr_FR\" \/>\n<meta property=\"og:type\" content=\"article\" \/>\n<meta property=\"og:title\" content=\"Clause de non-responsabilit\u00e9 | PKF BOFIDI\" \/>\n<meta property=\"og:description\" content=\"Versterk jouw onderneming met d\u00e9 adviseur voor de ambitieuze ondernemer. Deskundige ondersteuning van audit tot tax &amp; accountancy.\" \/>\n<meta property=\"og:url\" content=\"https:\/\/pkfbofidi.com\/fr\/clause-de-non-responsabilite\/\" \/>\n<meta property=\"og:site_name\" content=\"PKF BOFIDI\" \/>\n<meta property=\"article:publisher\" content=\"https:\/\/www.facebook.com\/pkfBofidi\/\" \/>\n<meta property=\"article:modified_time\" content=\"2025-02-16T11:54:48+00:00\" \/>\n<meta property=\"og:image\" content=\"https:\/\/pkfbofidi.com\/wp-content\/uploads\/2026\/02\/pkf-bofidi-smaller-1.jpg\" \/>\n\t<meta property=\"og:image:width\" content=\"889\" \/>\n\t<meta property=\"og:image:height\" content=\"500\" \/>\n\t<meta property=\"og:image:type\" content=\"image\/jpeg\" \/>\n<meta name=\"twitter:card\" content=\"summary_large_image\" \/>\n<meta name=\"twitter:label1\" content=\"Dur\u00e9e de lecture estim\u00e9e\" \/>\n\t<meta name=\"twitter:data1\" content=\"4 minutes\" \/>\n<script type=\"application\/ld+json\" class=\"yoast-schema-graph\">{\"@context\":\"https:\/\/schema.org\",\"@graph\":[{\"@type\":\"WebPage\",\"@id\":\"https:\/\/pkfbofidi.com\/fr\/clause-de-non-responsabilite\/\",\"url\":\"https:\/\/pkfbofidi.com\/fr\/clause-de-non-responsabilite\/\",\"name\":\"Clause de non-responsabilit\u00e9 | PKF BOFIDI\",\"isPartOf\":{\"@id\":\"https:\/\/pkfbofidi.com\/fr\/#website\"},\"datePublished\":\"2024-12-18T13:42:12+00:00\",\"dateModified\":\"2025-02-16T11:54:48+00:00\",\"description\":\"Versterk jouw onderneming met d\u00e9 adviseur voor de ambitieuze ondernemer. Deskundige ondersteuning van audit tot tax & accountancy.\",\"breadcrumb\":{\"@id\":\"https:\/\/pkfbofidi.com\/fr\/clause-de-non-responsabilite\/#breadcrumb\"},\"inLanguage\":\"fr-FR\",\"potentialAction\":[{\"@type\":\"ReadAction\",\"target\":[\"https:\/\/pkfbofidi.com\/fr\/clause-de-non-responsabilite\/\"]}]},{\"@type\":\"BreadcrumbList\",\"@id\":\"https:\/\/pkfbofidi.com\/fr\/clause-de-non-responsabilite\/#breadcrumb\",\"itemListElement\":[{\"@type\":\"ListItem\",\"position\":1,\"name\":\"Home\",\"item\":\"https:\/\/pkfbofidi.com\/fr\/\"},{\"@type\":\"ListItem\",\"position\":2,\"name\":\"Clause de non-responsabilit\u00e9\"}]},{\"@type\":\"WebSite\",\"@id\":\"https:\/\/pkfbofidi.com\/fr\/#website\",\"url\":\"https:\/\/pkfbofidi.com\/fr\/\",\"name\":\"PKF BOFIDI\",\"description\":\"Versterk jouw onderneming met d\u00e9 adviseur voor de ambitieuze ondernemer. Deskundige ondersteuning van audit tot tax &amp; accountancy.\",\"publisher\":{\"@id\":\"https:\/\/pkfbofidi.com\/fr\/#organization\"},\"potentialAction\":[{\"@type\":\"SearchAction\",\"target\":{\"@type\":\"EntryPoint\",\"urlTemplate\":\"https:\/\/pkfbofidi.com\/fr\/?s={search_term_string}\"},\"query-input\":{\"@type\":\"PropertyValueSpecification\",\"valueRequired\":true,\"valueName\":\"search_term_string\"}}],\"inLanguage\":\"fr-FR\"},{\"@type\":\"Organization\",\"@id\":\"https:\/\/pkfbofidi.com\/fr\/#organization\",\"name\":\"PKF BOFIDI\",\"url\":\"https:\/\/pkfbofidi.com\/fr\/\",\"logo\":{\"@type\":\"ImageObject\",\"inLanguage\":\"fr-FR\",\"@id\":\"https:\/\/pkfbofidi.com\/fr\/#\/schema\/logo\/image\/\",\"url\":\"https:\/\/pkfbofidi.com\/wp-content\/uploads\/2025\/01\/bofidi-logo-hover-new.svg\",\"contentUrl\":\"https:\/\/pkfbofidi.com\/wp-content\/uploads\/2025\/01\/bofidi-logo-hover-new.svg\",\"width\":1,\"height\":1,\"caption\":\"PKF BOFIDI\"},\"image\":{\"@id\":\"https:\/\/pkfbofidi.com\/fr\/#\/schema\/logo\/image\/\"},\"sameAs\":[\"https:\/\/www.facebook.com\/pkfBofidi\/\",\"https:\/\/www.linkedin.com\/company\/bofidi\/\",\"https:\/\/www.youtube.com\/channel\/UCi5S4WSYs9Fnclf7dU4lEIQ\",\"https:\/\/www.tiktok.com\/@pkfbofidi\",\"https:\/\/www.instagram.com\/bofidi_morethananumber\/?hl=nl\"]}]}<\/script>\n<!-- \/ Yoast SEO Premium plugin. -->","yoast_head_json":{"title":"Clause de non-responsabilit\u00e9 | PKF BOFIDI","description":"Versterk jouw onderneming met d\u00e9 adviseur voor de ambitieuze ondernemer. Deskundige ondersteuning van audit tot tax & accountancy.","robots":{"index":"noindex","follow":"follow"},"og_locale":"fr_FR","og_type":"article","og_title":"Clause de non-responsabilit\u00e9 | PKF BOFIDI","og_description":"Versterk jouw onderneming met d\u00e9 adviseur voor de ambitieuze ondernemer. Deskundige ondersteuning van audit tot tax & accountancy.","og_url":"https:\/\/pkfbofidi.com\/fr\/clause-de-non-responsabilite\/","og_site_name":"PKF BOFIDI","article_publisher":"https:\/\/www.facebook.com\/pkfBofidi\/","article_modified_time":"2025-02-16T11:54:48+00:00","og_image":[{"width":889,"height":500,"url":"https:\/\/pkfbofidi.com\/wp-content\/uploads\/2026\/02\/pkf-bofidi-smaller-1.jpg","type":"image\/jpeg"}],"twitter_card":"summary_large_image","twitter_misc":{"Dur\u00e9e de lecture estim\u00e9e":"4 minutes"},"schema":{"@context":"https:\/\/schema.org","@graph":[{"@type":"WebPage","@id":"https:\/\/pkfbofidi.com\/fr\/clause-de-non-responsabilite\/","url":"https:\/\/pkfbofidi.com\/fr\/clause-de-non-responsabilite\/","name":"Clause de non-responsabilit\u00e9 | PKF BOFIDI","isPartOf":{"@id":"https:\/\/pkfbofidi.com\/fr\/#website"},"datePublished":"2024-12-18T13:42:12+00:00","dateModified":"2025-02-16T11:54:48+00:00","description":"Versterk jouw onderneming met d\u00e9 adviseur voor de ambitieuze ondernemer. Deskundige ondersteuning van audit tot tax & accountancy.","breadcrumb":{"@id":"https:\/\/pkfbofidi.com\/fr\/clause-de-non-responsabilite\/#breadcrumb"},"inLanguage":"fr-FR","potentialAction":[{"@type":"ReadAction","target":["https:\/\/pkfbofidi.com\/fr\/clause-de-non-responsabilite\/"]}]},{"@type":"BreadcrumbList","@id":"https:\/\/pkfbofidi.com\/fr\/clause-de-non-responsabilite\/#breadcrumb","itemListElement":[{"@type":"ListItem","position":1,"name":"Home","item":"https:\/\/pkfbofidi.com\/fr\/"},{"@type":"ListItem","position":2,"name":"Clause de non-responsabilit\u00e9"}]},{"@type":"WebSite","@id":"https:\/\/pkfbofidi.com\/fr\/#website","url":"https:\/\/pkfbofidi.com\/fr\/","name":"PKF BOFIDI","description":"Versterk jouw onderneming met d\u00e9 adviseur voor de ambitieuze ondernemer. Deskundige ondersteuning van audit tot tax &amp; accountancy.","publisher":{"@id":"https:\/\/pkfbofidi.com\/fr\/#organization"},"potentialAction":[{"@type":"SearchAction","target":{"@type":"EntryPoint","urlTemplate":"https:\/\/pkfbofidi.com\/fr\/?s={search_term_string}"},"query-input":{"@type":"PropertyValueSpecification","valueRequired":true,"valueName":"search_term_string"}}],"inLanguage":"fr-FR"},{"@type":"Organization","@id":"https:\/\/pkfbofidi.com\/fr\/#organization","name":"PKF BOFIDI","url":"https:\/\/pkfbofidi.com\/fr\/","logo":{"@type":"ImageObject","inLanguage":"fr-FR","@id":"https:\/\/pkfbofidi.com\/fr\/#\/schema\/logo\/image\/","url":"https:\/\/pkfbofidi.com\/wp-content\/uploads\/2025\/01\/bofidi-logo-hover-new.svg","contentUrl":"https:\/\/pkfbofidi.com\/wp-content\/uploads\/2025\/01\/bofidi-logo-hover-new.svg","width":1,"height":1,"caption":"PKF BOFIDI"},"image":{"@id":"https:\/\/pkfbofidi.com\/fr\/#\/schema\/logo\/image\/"},"sameAs":["https:\/\/www.facebook.com\/pkfBofidi\/","https:\/\/www.linkedin.com\/company\/bofidi\/","https:\/\/www.youtube.com\/channel\/UCi5S4WSYs9Fnclf7dU4lEIQ","https:\/\/www.tiktok.com\/@pkfbofidi","https:\/\/www.instagram.com\/bofidi_morethananumber\/?hl=nl"]}]}},"_links":{"self":[{"href":"https:\/\/pkfbofidi.com\/fr\/wp-json\/wp\/v2\/pages\/4398","targetHints":{"allow":["GET"]}}],"collection":[{"href":"https:\/\/pkfbofidi.com\/fr\/wp-json\/wp\/v2\/pages"}],"about":[{"href":"https:\/\/pkfbofidi.com\/fr\/wp-json\/wp\/v2\/types\/page"}],"author":[{"embeddable":true,"href":"https:\/\/pkfbofidi.com\/fr\/wp-json\/wp\/v2\/users\/1"}],"replies":[{"embeddable":true,"href":"https:\/\/pkfbofidi.com\/fr\/wp-json\/wp\/v2\/comments?post=4398"}],"version-history":[{"count":5,"href":"https:\/\/pkfbofidi.com\/fr\/wp-json\/wp\/v2\/pages\/4398\/revisions"}],"predecessor-version":[{"id":6893,"href":"https:\/\/pkfbofidi.com\/fr\/wp-json\/wp\/v2\/pages\/4398\/revisions\/6893"}],"wp:attachment":[{"href":"https:\/\/pkfbofidi.com\/fr\/wp-json\/wp\/v2\/media?parent=4398"}],"curies":[{"name":"wp","href":"https:\/\/api.w.org\/{rel}","templated":true}]}}